{"id":15285,"date":"2023-08-17T22:47:26","date_gmt":"2023-08-17T22:47:26","guid":{"rendered":"https:\/\/futtees.com?page_id=15285"},"modified":"2025-07-09T20:56:51","modified_gmt":"2025-07-09T18:56:51","slug":"holaaaa","status":"publish","type":"page","link":"https:\/\/futtees.com\/?page_id=15285","title":{"rendered":"Preguntas frecuentes"},"content":{"rendered":"\t\t<div data-elementor-type=\"wp-page\" data-elementor-id=\"15285\" class=\"elementor elementor-15285\" data-elementor-post-type=\"page\">\n\t\t\t\t\t\t\t\t\t<section class=\"elementor-section elementor-top-section elementor-element elementor-element-3cb57e7f elementor-section-boxed elementor-section-height-default elementor-section-height-default\" data-id=\"3cb57e7f\" data-element_type=\"section\" data-settings=\"{&quot;jet_parallax_layout_list&quot;:[]}\">\n\t\t\t\t\t\t<div class=\"elementor-container elementor-column-gap-default\">\n\t\t\t\t\t<div class=\"elementor-column elementor-col-100 elementor-top-column elementor-element elementor-element-4cf6ec35\" data-id=\"4cf6ec35\" data-element_type=\"column\">\n\t\t\t<div class=\"elementor-widget-wrap elementor-element-populated\">\n\t\t\t\t\t\t\t\t<div class=\"elementor-element elementor-element-1978a0e8 elementor-widget elementor-widget-text-editor\" data-id=\"1978a0e8\" data-element_type=\"widget\" data-settings=\"{&quot;ekit_we_effect_on&quot;:&quot;none&quot;}\" data-widget_type=\"text-editor.default\">\n\t\t\t\t<div class=\"elementor-widget-container\">\n\t\t\t<style>\/*! elementor - v3.18.0 - 20-12-2023 *\/\n.elementor-widget-text-editor.elementor-drop-cap-view-stacked .elementor-drop-cap{background-color:#69727d;color:#fff}.elementor-widget-text-editor.elementor-drop-cap-view-framed .elementor-drop-cap{color:#69727d;border:3px solid;background-color:transparent}.elementor-widget-text-editor:not(.elementor-drop-cap-view-default) .elementor-drop-cap{margin-top:8px}.elementor-widget-text-editor:not(.elementor-drop-cap-view-default) .elementor-drop-cap-letter{width:1em;height:1em}.elementor-widget-text-editor .elementor-drop-cap{float:left;text-align:center;line-height:1;font-size:50px}.elementor-widget-text-editor .elementor-drop-cap-letter{display:inline-block}<\/style>\t\t\t\t<p><!-- wp:paragraph --><\/p>\n<p><strong><br><\/strong><\/p><p><strong>Preguntas Frecuentes<\/strong><\/p>\n<p><!-- \/wp:paragraph --><\/p>\t\t\t\t\t\t<\/div>\n\t\t\t\t<\/div>\n\t\t\t\t\t<\/div>\n\t\t<\/div>\n\t\t\t\t\t\t\t<\/div>\n\t\t<\/section>\n\t\t\t\t<section class=\"elementor-section elementor-top-section elementor-element elementor-element-6293845 elementor-section-boxed elementor-section-height-default elementor-section-height-default\" data-id=\"6293845\" data-element_type=\"section\" data-settings=\"{&quot;jet_parallax_layout_list&quot;:[]}\">\n\t\t\t\t\t\t<div class=\"elementor-container elementor-column-gap-default\">\n\t\t\t\t\t<div class=\"elementor-column elementor-col-100 elementor-top-column elementor-element elementor-element-9e894e5\" data-id=\"9e894e5\" data-element_type=\"column\">\n\t\t\t<div class=\"elementor-widget-wrap elementor-element-populated\">\n\t\t\t\t\t\t\t\t<div class=\"elementor-element elementor-element-fa10e72 elementor-widget elementor-widget-text-editor\" data-id=\"fa10e72\" data-element_type=\"widget\" data-settings=\"{&quot;ekit_we_effect_on&quot;:&quot;none&quot;}\" data-widget_type=\"text-editor.default\">\n\t\t\t\t<div class=\"elementor-widget-container\">\n\t\t\t\t\t\t\t<p><strong>\u00bfC\u00f3mo s\u00e9 que me va a llegar mi pedido y que la p\u00e1gina no es una estafa?<\/strong><\/p>\t\t\t\t\t\t<\/div>\n\t\t\t\t<\/div>\n\t\t\t\t\t<\/div>\n\t\t<\/div>\n\t\t\t\t\t\t\t<\/div>\n\t\t<\/section>\n\t\t\t\t<section class=\"elementor-section elementor-top-section elementor-element elementor-element-60505ca elementor-section-boxed elementor-section-height-default elementor-section-height-default\" data-id=\"60505ca\" data-element_type=\"section\" data-settings=\"{&quot;jet_parallax_layout_list&quot;:[]}\">\n\t\t\t\t\t\t<div class=\"elementor-container elementor-column-gap-default\">\n\t\t\t\t\t<div class=\"elementor-column elementor-col-100 elementor-top-column elementor-element elementor-element-c9cb83d\" data-id=\"c9cb83d\" data-element_type=\"column\">\n\t\t\t<div class=\"elementor-widget-wrap elementor-element-populated\">\n\t\t\t\t\t\t\t\t<div class=\"elementor-element elementor-element-d6d7b83 elementor-widget elementor-widget-text-editor\" data-id=\"d6d7b83\" data-element_type=\"widget\" data-settings=\"{&quot;ekit_we_effect_on&quot;:&quot;none&quot;}\" data-widget_type=\"text-editor.default\">\n\t\t\t\t<div class=\"elementor-widget-container\">\n\t\t\t\t\t\t\t<p>Desde Futtes\u00b4s entendemos tu preocupaci\u00f3n y queremos asegurarte que nuestra tienda es leg\u00edtima y ofrecemos un servicio de calidad. <br \/>Utilizamos una plataforma de pago segura y enviamos todos nuestros pedidos a trav\u00e9s de un servicio de mensajer\u00eda de confianza. Adem\u00e1s, ofrecemos una pol\u00edtica de devoluci\u00f3n y reembolso para garantizar tu satisfacci\u00f3n. <br \/>Si tienes alguna pregunta o problema, no dudes en ponerte en contacto con nuestro equipo de atenci\u00f3n al cliente.<\/p>\t\t\t\t\t\t<\/div>\n\t\t\t\t<\/div>\n\t\t\t\t\t<\/div>\n\t\t<\/div>\n\t\t\t\t\t\t\t<\/div>\n\t\t<\/section>\n\t\t\t\t<section class=\"elementor-section elementor-top-section elementor-element elementor-element-4a69265 elementor-section-boxed elementor-section-height-default elementor-section-height-default\" data-id=\"4a69265\" data-element_type=\"section\" data-settings=\"{&quot;jet_parallax_layout_list&quot;:[]}\">\n\t\t\t\t\t\t<div class=\"elementor-container elementor-column-gap-default\">\n\t\t\t\t\t<div class=\"elementor-column elementor-col-100 elementor-top-column elementor-element elementor-element-4a38cc6\" data-id=\"4a38cc6\" data-element_type=\"column\">\n\t\t\t<div class=\"elementor-widget-wrap elementor-element-populated\">\n\t\t\t\t\t\t\t\t<div class=\"elementor-element elementor-element-4a2d0ea elementor-widget elementor-widget-text-editor\" data-id=\"4a2d0ea\" data-element_type=\"widget\" data-settings=\"{&quot;ekit_we_effect_on&quot;:&quot;none&quot;}\" data-widget_type=\"text-editor.default\">\n\t\t\t\t<div class=\"elementor-widget-container\">\n\t\t\t\t\t\t\t<p><strong>Nuestros productos\u00a0<\/strong><\/p>\t\t\t\t\t\t<\/div>\n\t\t\t\t<\/div>\n\t\t\t\t\t<\/div>\n\t\t<\/div>\n\t\t\t\t\t\t\t<\/div>\n\t\t<\/section>\n\t\t\t\t<section class=\"elementor-section elementor-top-section elementor-element elementor-element-2032949 elementor-section-boxed elementor-section-height-default elementor-section-height-default\" data-id=\"2032949\" data-element_type=\"section\" data-settings=\"{&quot;jet_parallax_layout_list&quot;:[]}\">\n\t\t\t\t\t\t<div class=\"elementor-container elementor-column-gap-default\">\n\t\t\t\t\t<div class=\"elementor-column elementor-col-100 elementor-top-column elementor-element elementor-element-78f15c8\" data-id=\"78f15c8\" data-element_type=\"column\">\n\t\t\t<div class=\"elementor-widget-wrap elementor-element-populated\">\n\t\t\t\t\t\t\t\t<div class=\"elementor-element elementor-element-dc1cd53 elementor-widget elementor-widget-text-editor\" data-id=\"dc1cd53\" data-element_type=\"widget\" data-settings=\"{&quot;ekit_we_effect_on&quot;:&quot;none&quot;}\" data-widget_type=\"text-editor.default\">\n\t\t\t\t<div class=\"elementor-widget-container\">\n\t\t\t\t\t\t\t<p>Nuestros productos son r\u00e9plicas de calidad en base a los originales. Estos pueden sufrir<br \/>algunas variaciones leves pudiendo variar en su forma, color y textura.<\/p>\t\t\t\t\t\t<\/div>\n\t\t\t\t<\/div>\n\t\t\t\t\t<\/div>\n\t\t<\/div>\n\t\t\t\t\t\t\t<\/div>\n\t\t<\/section>\n\t\t\t\t<section class=\"elementor-section elementor-top-section elementor-element elementor-element-e0be90f elementor-section-boxed elementor-section-height-default elementor-section-height-default\" data-id=\"e0be90f\" data-element_type=\"section\" data-settings=\"{&quot;jet_parallax_layout_list&quot;:[]}\">\n\t\t\t\t\t\t<div class=\"elementor-container elementor-column-gap-default\">\n\t\t\t\t\t<div class=\"elementor-column elementor-col-100 elementor-top-column elementor-element elementor-element-263741c\" data-id=\"263741c\" data-element_type=\"column\">\n\t\t\t<div class=\"elementor-widget-wrap elementor-element-populated\">\n\t\t\t\t\t\t\t\t<div class=\"elementor-element elementor-element-05901a2 elementor-widget elementor-widget-text-editor\" data-id=\"05901a2\" data-element_type=\"widget\" data-settings=\"{&quot;ekit_we_effect_on&quot;:&quot;none&quot;}\" data-widget_type=\"text-editor.default\">\n\t\t\t\t<div class=\"elementor-widget-container\">\n\t\t\t\t\t\t\t<p><strong>M\u00e9todos de pago<\/strong><\/p>\t\t\t\t\t\t<\/div>\n\t\t\t\t<\/div>\n\t\t\t\t\t<\/div>\n\t\t<\/div>\n\t\t\t\t\t\t\t<\/div>\n\t\t<\/section>\n\t\t\t\t<section class=\"elementor-section elementor-top-section elementor-element elementor-element-032b2bc elementor-section-boxed elementor-section-height-default elementor-section-height-default\" data-id=\"032b2bc\" data-element_type=\"section\" data-settings=\"{&quot;jet_parallax_layout_list&quot;:[]}\">\n\t\t\t\t\t\t<div class=\"elementor-container elementor-column-gap-default\">\n\t\t\t\t\t<div class=\"elementor-column elementor-col-100 elementor-top-column elementor-element elementor-element-5c22cd6\" data-id=\"5c22cd6\" data-element_type=\"column\">\n\t\t\t<div class=\"elementor-widget-wrap elementor-element-populated\">\n\t\t\t\t\t\t\t\t<div class=\"elementor-element elementor-element-caa3109 elementor-widget elementor-widget-text-editor\" data-id=\"caa3109\" data-element_type=\"widget\" data-settings=\"{&quot;ekit_we_effect_on&quot;:&quot;none&quot;}\" data-widget_type=\"text-editor.default\">\n\t\t\t\t<div class=\"elementor-widget-container\">\n\t\t\t\t\t\t\t<p>Los medios de pago disponibles para los productos de la tienda son los siguientes;<br \/>\u2013 Tarjeta de cr\u00e9dito o d\u00e9bito mediante Visa o Master Card y American Express.<br \/>Todos los m\u00e9todos de pago tienen seguridad para el Usuario SSL.<\/p>\t\t\t\t\t\t<\/div>\n\t\t\t\t<\/div>\n\t\t\t\t\t<\/div>\n\t\t<\/div>\n\t\t\t\t\t\t\t<\/div>\n\t\t<\/section>\n\t\t\t\t<section class=\"elementor-section elementor-top-section elementor-element elementor-element-9c3d4f3 elementor-section-boxed elementor-section-height-default elementor-section-height-default\" data-id=\"9c3d4f3\" data-element_type=\"section\" data-settings=\"{&quot;jet_parallax_layout_list&quot;:[]}\">\n\t\t\t\t\t\t<div class=\"elementor-container elementor-column-gap-default\">\n\t\t\t\t\t<div class=\"elementor-column elementor-col-100 elementor-top-column elementor-element elementor-element-8edbb1a\" data-id=\"8edbb1a\" data-element_type=\"column\">\n\t\t\t<div class=\"elementor-widget-wrap elementor-element-populated\">\n\t\t\t\t\t\t\t\t<div class=\"elementor-element elementor-element-ddd9477 elementor-widget elementor-widget-text-editor\" data-id=\"ddd9477\" data-element_type=\"widget\" data-settings=\"{&quot;ekit_we_effect_on&quot;:&quot;none&quot;}\" data-widget_type=\"text-editor.default\">\n\t\t\t\t<div class=\"elementor-widget-container\">\n\t\t\t\t\t\t\t<p><strong>\u00bfSe pueden hacer cambios o devoluciones?\u00a0<\/strong><\/p>\t\t\t\t\t\t<\/div>\n\t\t\t\t<\/div>\n\t\t\t\t\t<\/div>\n\t\t<\/div>\n\t\t\t\t\t\t\t<\/div>\n\t\t<\/section>\n\t\t\t\t<section class=\"elementor-section elementor-top-section elementor-element elementor-element-84758dc elementor-section-boxed elementor-section-height-default elementor-section-height-default\" data-id=\"84758dc\" data-element_type=\"section\" data-settings=\"{&quot;jet_parallax_layout_list&quot;:[]}\">\n\t\t\t\t\t\t<div class=\"elementor-container elementor-column-gap-default\">\n\t\t\t\t\t<div class=\"elementor-column elementor-col-100 elementor-top-column elementor-element elementor-element-8cae8cc\" data-id=\"8cae8cc\" data-element_type=\"column\">\n\t\t\t<div class=\"elementor-widget-wrap elementor-element-populated\">\n\t\t\t\t\t\t\t\t<div class=\"elementor-element elementor-element-1b6a7e0 elementor-widget elementor-widget-text-editor\" data-id=\"1b6a7e0\" data-element_type=\"widget\" data-settings=\"{&quot;ekit_we_effect_on&quot;:&quot;none&quot;}\" data-widget_type=\"text-editor.default\">\n\t\t\t\t<div class=\"elementor-widget-container\">\n\t\t\t\t\t\t\t<p>Entendemos que a veces puede ser dif\u00edcil elegir el art\u00edculo perfecto en l\u00ednea, as\u00ed que queremos asegurarnos de que est\u00e9s satisfecho con tu compra. Si por alguna raz\u00f3n no est\u00e1s satisfecho con tu pedido, por favor cont\u00e1ctanos para ver c\u00f3mo podemos ayudar.<\/p>\n<p>Aceptamos devoluciones en un plazo de 15 d\u00edas naturales desde la recepci\u00f3n del pedido, para poder realizarse la devoluci\u00f3n, &nbsp;el art\u00edculo debe estar sin usar y en las mismas condiciones en que lo recibi\u00f3, conservando el embalaje original. Por devoluciones con un motivo externo a un error por parte de&nbsp;<span style=\"caret-color: rgb(128, 128, 128); color: rgb(128, 128, 128); font-family: Arial, sans-serif; font-size: 13.44px; text-align: justify; text-indent: 0.900482px; white-space: pre-wrap;\">Futtee\u00b4s <\/span>, los cargos de los gastos de env\u00edo deber\u00e1n ir a cargo del cliente, para m\u00e1s informaci\u00f3n, puede ponerse en contacto con el servicio de atenci\u00f3n al cliente de&nbsp;<span style=\"caret-color: rgb(128, 128, 128); color: rgb(128, 128, 128); font-family: Arial, sans-serif; font-size: 13.44px; text-align: justify; text-indent: 0.900482px; white-space: pre-wrap;\">Futtee\u00b4s  <\/span><span style=\"font-style: inherit;\">o consultar la pol\u00edtica de devoluciones y reembolsos.&nbsp;<\/span><\/p>\n<p>Si el art\u00edculo lleg\u00f3 da\u00f1ado o si hay alg\u00fan problema con la talla, estaremos encantados de hacer un cambio o reembolsar tu compra.&nbsp; Si tienes alguna duda sobre la talla adecuada, no dudes en ponerte en contacto con nosotros para obtener ayuda. <br>Esperamos que disfrutes tu compra y estamos aqu\u00ed para ayudarte si necesitas algo.<\/p>\t\t\t\t\t\t<\/div>\n\t\t\t\t<\/div>\n\t\t\t\t\t<\/div>\n\t\t<\/div>\n\t\t\t\t\t\t\t<\/div>\n\t\t<\/section>\n\t\t\t\t<section class=\"elementor-section elementor-top-section elementor-element elementor-element-82aea8b elementor-section-boxed elementor-section-height-default elementor-section-height-default\" data-id=\"82aea8b\" data-element_type=\"section\" data-settings=\"{&quot;jet_parallax_layout_list&quot;:[]}\">\n\t\t\t\t\t\t<div class=\"elementor-container elementor-column-gap-default\">\n\t\t\t\t\t<div class=\"elementor-column elementor-col-100 elementor-top-column elementor-element elementor-element-bdf7d14\" data-id=\"bdf7d14\" data-element_type=\"column\">\n\t\t\t<div class=\"elementor-widget-wrap elementor-element-populated\">\n\t\t\t\t\t\t\t\t<div class=\"elementor-element elementor-element-d311dfd elementor-widget elementor-widget-text-editor\" data-id=\"d311dfd\" data-element_type=\"widget\" data-settings=\"{&quot;ekit_we_effect_on&quot;:&quot;none&quot;}\" data-widget_type=\"text-editor.default\">\n\t\t\t\t<div class=\"elementor-widget-container\">\n\t\t\t\t\t\t\t<p><strong>\u00bfCu\u00e1ndo salen los pedidos?\u00a0<\/strong><\/p>\t\t\t\t\t\t<\/div>\n\t\t\t\t<\/div>\n\t\t\t\t\t<\/div>\n\t\t<\/div>\n\t\t\t\t\t\t\t<\/div>\n\t\t<\/section>\n\t\t\t\t<section class=\"elementor-section elementor-top-section elementor-element elementor-element-82c4319 elementor-section-boxed elementor-section-height-default elementor-section-height-default\" data-id=\"82c4319\" data-element_type=\"section\" data-settings=\"{&quot;jet_parallax_layout_list&quot;:[]}\">\n\t\t\t\t\t\t<div class=\"elementor-container elementor-column-gap-default\">\n\t\t\t\t\t<div class=\"elementor-column elementor-col-100 elementor-top-column elementor-element elementor-element-886d27c\" data-id=\"886d27c\" data-element_type=\"column\">\n\t\t\t<div class=\"elementor-widget-wrap elementor-element-populated\">\n\t\t\t\t\t\t\t\t<div class=\"elementor-element elementor-element-16e11ea elementor-widget elementor-widget-text-editor\" data-id=\"16e11ea\" data-element_type=\"widget\" data-settings=\"{&quot;ekit_we_effect_on&quot;:&quot;none&quot;}\" data-widget_type=\"text-editor.default\">\n\t\t\t\t<div class=\"elementor-widget-container\">\n\t\t\t\t\t\t\t<p>Una vez hayas realizado el pago, nuestro equipo trabajar\u00e1 diligentemente para procesar tu pedido en un plazo de cinco d\u00edas h\u00e1biles. Estamos comprometidos a hacer todo lo posible para que puedas disfrutar de tu nueva ropa lo antes posible.<br \/>\u00a1Estamos deseando enviarte el pedido y esperamos que lo disfrutes tanto como nosotros disfrutamos hacerlo para ti!<\/p>\t\t\t\t\t\t<\/div>\n\t\t\t\t<\/div>\n\t\t\t\t\t<\/div>\n\t\t<\/div>\n\t\t\t\t\t\t\t<\/div>\n\t\t<\/section>\n\t\t\t\t<section class=\"elementor-section elementor-top-section elementor-element elementor-element-87f72f6 elementor-section-boxed elementor-section-height-default elementor-section-height-default\" data-id=\"87f72f6\" data-element_type=\"section\" data-settings=\"{&quot;jet_parallax_layout_list&quot;:[]}\">\n\t\t\t\t\t\t<div class=\"elementor-container elementor-column-gap-default\">\n\t\t\t\t\t<div class=\"elementor-column elementor-col-100 elementor-top-column elementor-element elementor-element-495f6df\" data-id=\"495f6df\" data-element_type=\"column\">\n\t\t\t<div class=\"elementor-widget-wrap elementor-element-populated\">\n\t\t\t\t\t\t\t\t<div class=\"elementor-element elementor-element-1f11102 elementor-widget elementor-widget-text-editor\" data-id=\"1f11102\" data-element_type=\"widget\" data-settings=\"{&quot;ekit_we_effect_on&quot;:&quot;none&quot;}\" data-widget_type=\"text-editor.default\">\n\t\t\t\t<div class=\"elementor-widget-container\">\n\t\t\t\t\t\t\t<p><strong>\u00bfCu\u00e1l es el plazo de env\u00edo?\u00a0\u00a0<\/strong><\/p>\t\t\t\t\t\t<\/div>\n\t\t\t\t<\/div>\n\t\t\t\t\t<\/div>\n\t\t<\/div>\n\t\t\t\t\t\t\t<\/div>\n\t\t<\/section>\n\t\t\t\t<section class=\"elementor-section elementor-top-section elementor-element elementor-element-68cc039 elementor-section-boxed elementor-section-height-default elementor-section-height-default\" data-id=\"68cc039\" data-element_type=\"section\" data-settings=\"{&quot;jet_parallax_layout_list&quot;:[]}\">\n\t\t\t\t\t\t<div class=\"elementor-container elementor-column-gap-default\">\n\t\t\t\t\t<div class=\"elementor-column elementor-col-100 elementor-top-column elementor-element elementor-element-742ae2c\" data-id=\"742ae2c\" data-element_type=\"column\">\n\t\t\t<div class=\"elementor-widget-wrap elementor-element-populated\">\n\t\t\t\t\t\t\t\t<div class=\"elementor-element elementor-element-69efb7c elementor-widget elementor-widget-text-editor\" data-id=\"69efb7c\" data-element_type=\"widget\" data-settings=\"{&quot;ekit_we_effect_on&quot;:&quot;none&quot;}\" data-widget_type=\"text-editor.default\">\n\t\t\t\t<div class=\"elementor-widget-container\">\n\t\t\t\t\t\t\t<p>El plazo de entrega de nuestros pedidos es de 15 d\u00edas h\u00e1biles. Sin embargo, durante \u00e9pocas de alta demanda como Navidad, puede haber una demora ligeramente mayor. Pero no te preocupes, te mantendremos informado de cada paso del proceso de env\u00edo y podr\u00e1s rastrear tu pedido en cualquier momento con el n\u00famero de seguimiento que te proporcionaremos.<\/p>\t\t\t\t\t\t<\/div>\n\t\t\t\t<\/div>\n\t\t\t\t\t<\/div>\n\t\t<\/div>\n\t\t\t\t\t\t\t<\/div>\n\t\t<\/section>\n\t\t\t\t<section class=\"elementor-section elementor-top-section elementor-element elementor-element-54911b8 elementor-section-boxed elementor-section-height-default elementor-section-height-default\" data-id=\"54911b8\" data-element_type=\"section\" data-settings=\"{&quot;jet_parallax_layout_list&quot;:[]}\">\n\t\t\t\t\t\t<div class=\"elementor-container elementor-column-gap-default\">\n\t\t\t\t\t<div class=\"elementor-column elementor-col-100 elementor-top-column elementor-element elementor-element-5699ecf\" data-id=\"5699ecf\" data-element_type=\"column\">\n\t\t\t<div class=\"elementor-widget-wrap elementor-element-populated\">\n\t\t\t\t\t\t\t\t<div class=\"elementor-element elementor-element-da89411 elementor-widget elementor-widget-text-editor\" data-id=\"da89411\" data-element_type=\"widget\" data-settings=\"{&quot;ekit_we_effect_on&quot;:&quot;none&quot;}\" data-widget_type=\"text-editor.default\">\n\t\t\t\t<div class=\"elementor-widget-container\">\n\t\t\t\t\t\t\t<p><strong>\u00bfQu\u00e9 puedo hacer si no recibo mi pedido?\u00a0<\/strong><\/p>\t\t\t\t\t\t<\/div>\n\t\t\t\t<\/div>\n\t\t\t\t\t<\/div>\n\t\t<\/div>\n\t\t\t\t\t\t\t<\/div>\n\t\t<\/section>\n\t\t\t\t<section class=\"elementor-section elementor-top-section elementor-element elementor-element-f03b2d7 elementor-section-boxed elementor-section-height-default elementor-section-height-default\" data-id=\"f03b2d7\" data-element_type=\"section\" data-settings=\"{&quot;jet_parallax_layout_list&quot;:[]}\">\n\t\t\t\t\t\t<div class=\"elementor-container elementor-column-gap-default\">\n\t\t\t\t\t<div class=\"elementor-column elementor-col-100 elementor-top-column elementor-element elementor-element-aeb0d37\" data-id=\"aeb0d37\" data-element_type=\"column\">\n\t\t\t<div class=\"elementor-widget-wrap elementor-element-populated\">\n\t\t\t\t\t\t\t\t<div class=\"elementor-element elementor-element-4641cd4 elementor-widget elementor-widget-text-editor\" data-id=\"4641cd4\" data-element_type=\"widget\" data-settings=\"{&quot;ekit_we_effect_on&quot;:&quot;none&quot;}\" data-widget_type=\"text-editor.default\">\n\t\t\t\t<div class=\"elementor-widget-container\">\n\t\t\t\t\t\t\t<p>Si por alguna raz\u00f3n no recibes el art\u00edculo adquirido pasados 90 d\u00edas h\u00e1biles desde la fecha de env\u00edo, desde Futtee\u00b4s te garantizamos la devoluci\u00f3n del importe \u00edntegro. Para solicitar el reembolso, solo tienes que ponerte en contacto con atenci\u00f3n al cliente indicando la referencia del pedido.<br \/>Nuestro equipo revisar\u00e1 tu solicitud y te comunicar\u00e1 una resoluci\u00f3n en un plazo de 72 horas. Una vez aprobada la solicitud, procederemos a tramitar el reembolso por el valor del art\u00edculo no recibido, utilizando el mismo m\u00e9todo de pago que utilizaste al realizar el pedido. El reembolso podr\u00eda demorarse de 1 a 3 d\u00edas h\u00e1biles en hacerse efectivo, dependiendo de la forma de pago elegida.<\/p>\t\t\t\t\t\t<\/div>\n\t\t\t\t<\/div>\n\t\t\t\t\t<\/div>\n\t\t<\/div>\n\t\t\t\t\t\t\t<\/div>\n\t\t<\/section>\n\t\t\t\t\t\t\t<\/div>\n\t\t","protected":false},"excerpt":{"rendered":"<p>Preguntas Frecuentes \u00bfC\u00f3mo s\u00e9 que me va a llegar mi pedido y que la p\u00e1gina no es una estafa? Desde Futtes\u00b4s entendemos tu preocupaci\u00f3n y queremos asegurarte que nuestra tienda es leg\u00edtima y ofrecemos un servicio de calidad. Utilizamos una plataforma de pago segura y enviamos todos nuestros pedidos a trav\u00e9s de un servicio de &hellip;<\/p>\n<p class=\"read-more\"> <a class=\"\" href=\"https:\/\/futtees.com\/?page_id=15285\"> <span class=\"screen-reader-text\">Preguntas frecuentes<\/span> Leer m\u00e1s &raquo;<\/a><\/p>\n","protected":false},"author":2,"featured_media":0,"parent":0,"menu_order":0,"comment_status":"closed","ping_status":"closed","template":"","meta":{"site-sidebar-layout":"default","site-content-layout":"","ast-site-content-layout":"","site-content-style":"default","site-sidebar-style":"default","ast-global-header-display":"","ast-banner-title-visibility":"","ast-main-header-display":"","ast-hfb-above-header-display":"","ast-hfb-below-header-display":"","ast-hfb-mobile-header-display":"","site-post-title":"","ast-breadcrumbs-content":"","ast-featured-img":"","footer-sml-layout":"","theme-transparent-header-meta":"","adv-header-id-meta":"","stick-header-meta":"","header-above-stick-meta":"","header-main-stick-meta":"","header-below-stick-meta":"","astra-migrate-meta-layouts":"","footnotes":""},"class_list":["post-15285","page","type-page","status-publish","hentry"],"jetpack_sharing_enabled":true,"_links":{"self":[{"href":"https:\/\/futtees.com\/index.php?rest_route=\/wp\/v2\/pages\/15285","targetHints":{"allow":["GET"]}}],"collection":[{"href":"https:\/\/futtees.com\/index.php?rest_route=\/wp\/v2\/pages"}],"about":[{"href":"https:\/\/futtees.com\/index.php?rest_route=\/wp\/v2\/types\/page"}],"author":[{"embeddable":true,"href":"https:\/\/futtees.com\/index.php?rest_route=\/wp\/v2\/users\/2"}],"replies":[{"embeddable":true,"href":"https:\/\/futtees.com\/index.php?rest_route=%2Fwp%2Fv2%2Fcomments&post=15285"}],"version-history":[{"count":26,"href":"https:\/\/futtees.com\/index.php?rest_route=\/wp\/v2\/pages\/15285\/revisions"}],"predecessor-version":[{"id":72341,"href":"https:\/\/futtees.com\/index.php?rest_route=\/wp\/v2\/pages\/15285\/revisions\/72341"}],"wp:attachment":[{"href":"https:\/\/futtees.com\/index.php?rest_route=%2Fwp%2Fv2%2Fmedia&parent=15285"}],"curies":[{"name":"wp","href":"https:\/\/api.w.org\/{rel}","templated":true}]}}